{"id":929,"date":"2020-08-13T14:07:42","date_gmt":"2020-08-13T13:07:42","guid":{"rendered":"https:\/\/dblball.com\/?page_id=929"},"modified":"2020-08-13T14:07:42","modified_gmt":"2020-08-13T13:07:42","slug":"school-team-training","status":"publish","type":"page","link":"https:\/\/dblball.com\/en\/school-team-training\/","title":{"rendered":"School Team Training"},"content":{"rendered":"<h1>Presentation of the 2020-2021 season of DBL Ball<\/h1>\n<p>Here is the presentation of the DBL Ball season for elementary and secondary schools. The program is designed to fit easily into the school life of the participant and the parent. To download this program presentation document, <a href=\"https:\/\/dblball.com\/wp-content\/uploads\/2020\/06\/Pr\u00e9sentation-de-la-saison-2020-2021.pdf\">click here.\u00a0<\/a><\/p>\n<h2><img loading=\"lazy\" decoding=\"async\" class=\"aligncenter size-full wp-image-920\" src=\"https:\/\/dblball.com\/wp-content\/uploads\/2020\/08\/Partie-\u00e0-lAcad\u00e9mie-Ste-Marie-23-janvier-2020-Compress\u00e9.jpg\" alt=\"Partie de DBL Ball \u00e0 l'Acad\u00e9mie Ste-Marie - 23 janvier 2020 - Compress\u00e9\" width=\"1024\" height=\"682\" srcset=\"https:\/\/dblball.com\/wp-content\/uploads\/2020\/08\/Partie-\u00e0-lAcad\u00e9mie-Ste-Marie-23-janvier-2020-Compress\u00e9.jpg 1024w, https:\/\/dblball.com\/wp-content\/uploads\/2020\/08\/Partie-\u00e0-lAcad\u00e9mie-Ste-Marie-23-janvier-2020-Compress\u00e9-600x400.jpg 600w, https:\/\/dblball.com\/wp-content\/uploads\/2020\/08\/Partie-\u00e0-lAcad\u00e9mie-Ste-Marie-23-janvier-2020-Compress\u00e9-300x200.jpg 300w, https:\/\/dblball.com\/wp-content\/uploads\/2020\/08\/Partie-\u00e0-lAcad\u00e9mie-Ste-Marie-23-janvier-2020-Compress\u00e9-768x512.jpg 768w\" sizes=\"auto, (max-width: 1024px) 100vw, 1024px\" \/><\/h2>\n<h2><span data-preserver-spaces=\"true\">The Objective Of The Program<\/span><\/h2>\n<ul>\n<li><span data-preserver-spaces=\"true\">To introduce DBL Ball<\/span><\/li>\n<li><span data-preserver-spaces=\"true\">To develop culture for team sports<\/span><\/li>\n<li><span data-preserver-spaces=\"true\">To develop school\u00a0belonging for the participant<\/span><\/li>\n<\/ul>\n<h2><span data-preserver-spaces=\"true\">Season Content<\/span><\/h2>\n<ul>\n<li><span data-preserver-spaces=\"true\">8 to 10 training sessions<\/span><\/li>\n<li><span data-preserver-spaces=\"true\">1h to 1h30 per training session depending on the time slot<\/span><\/li>\n<li><span data-preserver-spaces=\"true\">Participation included\u00a0for the regional tournament held at the end of the session for players interested<\/span><\/li>\n<li><span data-preserver-spaces=\"true\">Training can be done at lunchtime or after school<\/span><\/li>\n<li><span data-preserver-spaces=\"true\">Possibility of renewing the team each season (Fall, Winter, and Spring)<\/span><\/li>\n<\/ul>\n<h2><span data-preserver-spaces=\"true\">Registrations<\/span><\/h2>\n<ul>\n<li><span data-preserver-spaces=\"true\">Minimum of 10 participants<\/span><\/li>\n<li><span data-preserver-spaces=\"true\">Maximum of 24 participants<\/span><\/li>\n<li><span data-preserver-spaces=\"true\">For grade 3 and up students<\/span><\/li>\n<li><span data-preserver-spaces=\"true\">Coed team<\/span><\/li>\n<\/ul>\n<h2><span data-preserver-spaces=\"true\">What the League provides<\/span><\/h2>\n<ul>\n<li><span data-preserver-spaces=\"true\">A qualified trainer for all training sessions and games, playing for the<em> \u00c9toiles de Qu\u00e9bec<\/em> team<\/span><\/li>\n<li><span data-preserver-spaces=\"true\">Support for the parent-participant relationship<\/span><\/li>\n<li><span data-preserver-spaces=\"true\">The <a href=\"https:\/\/dblball.com\/en\/produit\/complete-kit-nets-balls-guide\/\">equipment necessary to play DBL Ball<\/a> (if the school does not have it) and the possibility of loaning it.<\/span><\/li>\n<li><span data-preserver-spaces=\"true\">A free visit to your school in physical education classes for all classes from grade 3 to introduce your students to DBL Ball<\/span><\/li>\n<\/ul>\n<h2><span data-preserver-spaces=\"true\">What the school provides<\/span><\/h2>\n<ul>\n<li><span data-preserver-spaces=\"true\">Space to practice and play indoor or outdoor DBL Ball<\/span><\/li>\n<li><span data-preserver-spaces=\"true\">DBL Ball equipment, if the school has it or storage space for the coach to leave his equipment there.<\/span><\/li>\n<li><span data-preserver-spaces=\"true\">Getting in touch with participants and parents<\/span><\/li>\n<\/ul>\n<h2><span data-preserver-spaces=\"true\">Costs to participants<\/span><\/h2>\n<p><span data-preserver-spaces=\"true\">The DBL Ball League can take care of invoicing the activity to the participants or to the school<\/span><\/p>\n<table style=\"height: 185px;\" width=\"751\">\n<tbody>\n<tr>\n<td width=\"243\"><\/td>\n<td width=\"243\"><strong>8 sessions<\/strong><\/td>\n<td width=\"243\"><strong>10 sessions<\/strong><\/td>\n<\/tr>\n<tr>\n<td width=\"243\"><strong>1h00<\/strong><\/td>\n<td width=\"243\">$ 60.00<\/td>\n<td width=\"243\">$ 75.00<\/td>\n<\/tr>\n<tr>\n<td width=\"243\"><strong>1h30<\/strong><\/td>\n<td width=\"243\">$ 90.00<\/td>\n<td width=\"243\">$ 110.00<\/td>\n<\/tr>\n<\/tbody>\n<\/table>\n<p><span data-preserver-spaces=\"true\">The above amounts include taxes.<\/span><\/p>\n<p><span data-preserver-spaces=\"true\">Prices are based on a minimum of 10 participants. Prices may be reduced if the minimum number of participants is increased.<\/span><\/p>\n<h2><span data-preserver-spaces=\"true\">Registration system<\/span><\/h2>\n<p><span data-preserver-spaces=\"true\">The DBL Ball League wishes to operate according to your registration procedure.<\/span><\/p>\n<ul>\n<li><span data-preserver-spaces=\"true\">Paper form<\/span><\/li>\n<li><span data-preserver-spaces=\"true\">Digital form printed at school<\/span><\/li>\n<li><span data-preserver-spaces=\"true\">Digital form printed by parents<\/span><\/li>\n<li><span data-preserver-spaces=\"true\">Digital form via our website<\/span><\/li>\n<\/ul>\n<h2><span data-preserver-spaces=\"true\">Practices progression<\/span><\/h2>\n<p><span data-preserver-spaces=\"true\">Here are the themes that are addressed in the practices. The objective is to prepare the players to experience a DBL Ball tournament and to form a team.<\/span><\/p>\n<ul>\n<li><span data-preserver-spaces=\"true\">Rules introduction<\/span><\/li>\n<li><span data-preserver-spaces=\"true\">Player Positions<\/span><\/li>\n<li><span data-preserver-spaces=\"true\">Defensive strategies<\/span><\/li>\n<li><span data-preserver-spaces=\"true\">Offensive strategies<\/span><\/li>\n<li><span data-preserver-spaces=\"true\">Communication<\/span><\/li>\n<li><span data-preserver-spaces=\"true\">Leadership<\/span><\/li>\n<li><span data-preserver-spaces=\"true\">Team spirit<\/span><\/li>\n<li><span data-preserver-spaces=\"true\">Competition preparation<\/span><\/li>\n<\/ul>\n<h2><span data-preserver-spaces=\"true\">Frequently Asked Questions<\/span><\/h2>\n<h4><span data-preserver-spaces=\"true\">How much space do I need to play DBL Ball?<\/span><\/h4>\n<p><span data-preserver-spaces=\"true\">A gymnasium of 13 meters by 18 meters is the minimum for a practice. For official games, it&#8217;s 15 meters by 30 meters. Elementary gymnasiums are usually 18 meters by 23 meters.\u00a0<\/span><span data-preserver-spaces=\"true\">DBL Ball is also played outdoors on natural or synthetic grass.<\/span><\/p>\n<h4><span data-preserver-spaces=\"true\">Is the team registered with the RSEQ?<\/span><\/h4>\n<p><span data-preserver-spaces=\"true\">No. The activity is managed independently by the DBL Ball League which brings together all the schools that actively practice DBL Ball.\u00a0<\/span><span data-preserver-spaces=\"true\">On the other hand, the DBL Ball League offers DBL Ball in elementary and secondary schools through the RSEQ Moi J&#8217;Bouge program.<\/span><\/p>\n<h3><span data-preserver-spaces=\"true\">Do I need to have the equipment?<\/span><\/h3>\n<p><span data-preserver-spaces=\"true\">We provide all our equipment, including balls, bibs and of course the goals. You can even leave the goals at school and lend them to you.\u00a0<\/span><span data-preserver-spaces=\"true\">The only thing we are asking for is access to a table to allow players to eat when practices are around lunchtime.<\/span><\/p>\n<h4><span data-preserver-spaces=\"true\">Do parents have to mobilize for travel to play outside?<\/span><\/h4>\n<p><span data-preserver-spaces=\"true\">Yes, once per session for the final tournament which takes place on the weekend with all teams driven by the DBL Ball League. The tournament usually takes place in the region (maximum of 75 km to cover).\u00a0<\/span><span data-preserver-spaces=\"true\">It may also be possible to organize transportation (ie to rent a bus), however, there will be additional charges at this time.<\/span><\/p>\n<h4><span data-preserver-spaces=\"true\">What does the end-of-session tournament look like?<\/span><\/h4>\n<p><span data-preserver-spaces=\"true\">The tournament is usually half a day in length and is in fact a friendly meeting between the teams. Each team has the chance to play against all the other teams present. There is no elimination round or trophy involved. The team coach is present to support the players. Parents are invited to come and cheer. At the end of the year, those who are interested can participate in the provincial tournament which is more competitive. However, this tournament is not included in the price.<\/span><\/p>\n<h4><span data-preserver-spaces=\"true\">The practices would be after school I suppose, we end at 2:50 and until what time?<\/span><\/h4>\n<p><span data-preserver-spaces=\"true\">Yes after school or at lunchtime. We will take the winning time slot. Either one which assures us participation and possibility of using the premises or outside space.\u00a0<\/span><span data-preserver-spaces=\"true\">We aim for a minimum duration of one hour for the session. However, we can do more too, if there is a strong interest. 1h30 is also a good duration for a large group (15 and more)<\/span><\/p>\n<h4><span data-preserver-spaces=\"true\">If students agree to play, is it for the year or for a session?<\/span><\/h4>\n<p><span data-preserver-spaces=\"true\">For one session, which varies from 6 to 15 weeks depending on your functioning. The norm is usually 8 weeks.\u00a0<\/span><span data-preserver-spaces=\"true\">We then renew with students who want to join and those who want to quit. Otherwise, it can also go to next year.<\/span><\/p>\n<h4><span data-preserver-spaces=\"true\">Who takes care of the students, an adult, a university student, others?<\/span><\/h4>\n<p><span data-preserver-spaces=\"true\">A recognized coach of the DBL Ball League. The coaches evolve for the <em>L&#8217;\u00c9quipe \u00c9toile du Qu\u00e9bec<\/em> and are therefore DBL Ball professionals.\u00a0<\/span><span data-preserver-spaces=\"true\">They are between 18 and 33 years old. The majority are still in university studies and often are future physical education teachers themselves. We have strong proximity to all university physical education departments in the province.\u00a0<\/span><span data-preserver-spaces=\"true\">We do a background search and we can provide you with their CVs.<\/span><\/p>\n<h4><span data-preserver-spaces=\"true\">Do you have insurance?<\/span><\/h4>\n<p><span data-preserver-spaces=\"true\">Yes, we have liability insurance for $ 2,000,000.<\/span><\/p>\n<p><img loading=\"lazy\" decoding=\"async\" class=\"aligncenter size-full wp-image-922\" src=\"https:\/\/dblball.com\/wp-content\/uploads\/2020\/08\/Tournoi-30-mars-2019-Compress\u00e9.jpg\" alt=\"Tournoi de DBL Ball du 30 mars 2019 - Compress\u00e9\" width=\"1024\" height=\"710\" srcset=\"https:\/\/dblball.com\/wp-content\/uploads\/2020\/08\/Tournoi-30-mars-2019-Compress\u00e9.jpg 1024w, https:\/\/dblball.com\/wp-content\/uploads\/2020\/08\/Tournoi-30-mars-2019-Compress\u00e9-600x416.jpg 600w, https:\/\/dblball.com\/wp-content\/uploads\/2020\/08\/Tournoi-30-mars-2019-Compress\u00e9-300x208.jpg 300w, https:\/\/dblball.com\/wp-content\/uploads\/2020\/08\/Tournoi-30-mars-2019-Compress\u00e9-768x533.jpg 768w\" sizes=\"auto, (max-width: 1024px) 100vw, 1024px\" \/><\/p>\n","protected":false},"excerpt":{"rendered":"<p>Presentation of the 2020-2021 season of DBL Ball Here is the presentation of the DBL Ball season for elementary and secondary schools. The program is designed to fit easily into the school life of the participant and the parent. To download this program presentation document, click here.\u00a0 The Objective Of The Program To introduce DBL [&hellip;]<\/p>\n","protected":false},"author":1,"featured_media":0,"parent":0,"menu_order":15,"comment_status":"closed","ping_status":"closed","template":"","meta":{"_acf_changed":false,"footnotes":""},"class_list":["post-929","page","type-page","status-publish","hentry"],"acf":[],"_links":{"self":[{"href":"https:\/\/dblball.com\/en\/wp-json\/wp\/v2\/pages\/929","targetHints":{"allow":["GET"]}}],"collection":[{"href":"https:\/\/dblball.com\/en\/wp-json\/wp\/v2\/pages"}],"about":[{"href":"https:\/\/dblball.com\/en\/wp-json\/wp\/v2\/types\/page"}],"author":[{"embeddable":true,"href":"https:\/\/dblball.com\/en\/wp-json\/wp\/v2\/users\/1"}],"replies":[{"embeddable":true,"href":"https:\/\/dblball.com\/en\/wp-json\/wp\/v2\/comments?post=929"}],"version-history":[{"count":4,"href":"https:\/\/dblball.com\/en\/wp-json\/wp\/v2\/pages\/929\/revisions"}],"predecessor-version":[{"id":934,"href":"https:\/\/dblball.com\/en\/wp-json\/wp\/v2\/pages\/929\/revisions\/934"}],"wp:attachment":[{"href":"https:\/\/dblball.com\/en\/wp-json\/wp\/v2\/media?parent=929"}],"curies":[{"name":"wp","href":"https:\/\/api.w.org\/{rel}","templated":true}]}}